{"id":19,"date":"2025-01-26T10:25:59","date_gmt":"2025-01-26T10:25:59","guid":{"rendered":"http:\/\/afrinextfinance.local\/?page_id=19"},"modified":"2025-04-10T14:16:21","modified_gmt":"2025-04-10T14:16:21","slug":"les-associes","status":"publish","type":"page","link":"https:\/\/www.afrinextfinance.com\/en\/les-associes\/","title":{"rendered":"The partners"},"content":{"rendered":"<p>[et_pb_section fb_built=\u00a0\u00bb1&Prime; admin_label=\u00a0\u00bbServices\u00a0\u00bb _builder_version=\u00a0\u00bb4.20.0&Prime; _module_preset=\u00a0\u00bbdefault\u00a0\u00bb collapsed=\u00a0\u00bbon\u00a0\u00bb global_colors_info=\u00a0\u00bb{}\u00a0\u00bb][et_pb_row _builder_version=\u00a0\u00bb4.20.0&Prime; _module_preset=\u00a0\u00bbdefault\u00a0\u00bb animation_style=\u00a0\u00bbflip\u00a0\u00bb global_colors_info=\u00a0\u00bb{}\u00a0\u00bb][et_pb_column type=\u00a0\u00bb4_4&Prime; _builder_version=\u00a0\u00bb4.20.0&Prime; _module_preset=\u00a0\u00bbdefault\u00a0\u00bb global_colors_info=\u00a0\u00bb{}\u00a0\u00bb][et_pb_text _builder_version=\u00a0\u00bb4.27.4&Prime; _module_preset=\u00a0\u00bb14dd0054-4cbf-41e3-9252-d5354b741c67&Prime; text_text_color=\u00a0\u00bb#FFFFFF\u00a0\u00bb background_color=\u00a0\u00bb#0C71C3&Prime; text_orientation=\u00a0\u00bbcenter\u00a0\u00bb global_colors_info=\u00a0\u00bb{}\u00a0\u00bb]<\/p>\n<h2><span style=\"color: #ffffff;\">The partners<\/span><\/h2>\n<p>[\/et_pb_text][\/et_pb_column][\/et_pb_row][et_pb_row _builder_version=\u00a0\u00bb4.27.4&Prime; _module_preset=\u00a0\u00bbdefault\u00a0\u00bb][et_pb_column _builder_version=\u00a0\u00bb4.27.4&Prime; _module_preset=\u00a0\u00bbdefault\u00a0\u00bb type=\u00a0\u00bb4_4&Prime;][et_pb_text _builder_version=\u00a0\u00bb4.27.4&Prime; _module_preset=\u00a0\u00bbdefault\u00a0\u00bb hover_enabled=\u00a0\u00bb0&Prime; sticky_enabled=\u00a0\u00bb0&Prime;]<\/p>\n<p class=\"translation-block\"><b>Issouf<\/b><b> COULIBALY <\/b> A graduate in engineering from INP-HB in Yamoussoukro and the Lyon School of Management (EM LYON), Issouf began his career in the Leverage Buy-Out department at BNP PARIBAS in Paris. Wishing to work on the African Continent, he joined the African Development Bank in 2015, where he finished as mission manager in charge of appraising financing lines for African banks. He joined AFRINEXT FINANCE in 2022.<\/p>\n<p>[\/et_pb_text][\/et_pb_column][\/et_pb_row][et_pb_row _builder_version=\u00a0\u00bb4.27.4&Prime; _module_preset=\u00a0\u00bbdefault\u00a0\u00bb][et_pb_column _builder_version=\u00a0\u00bb4.27.4&Prime; _module_preset=\u00a0\u00bbdefault\u00a0\u00bb type=\u00a0\u00bb4_4&Prime;][et_pb_text _builder_version=\u00a0\u00bb4.27.4&Prime; _module_preset=\u00a0\u00bbdefault\u00a0\u00bb global_colors_info=\u00a0\u00bb{}\u00a0\u00bb]<\/p>\n<p class=\"translation-block\"><b>Alexandre DUVIVIER <\/b> began his career at the Banque de France as a financial analyst. He was then seconded to the Privatization Commission, where he was responsible for reviewing the valuations of advisory banks, before returning to the Banque de France to examine cases for the College of the Stock Exchange Commission on behalf of the Deputy Governor. Finally, he was head of the financial analysis department at the Banque de France until 2007. In this role, in addition to rating the 150 largest French groups, he designed the \u201cBale II compliant\u201d internal rating system and was in charge of cooperation with credit systems in emerging countries. He joined Afrinext Finance when it was founded.<\/p>\n<p>[\/et_pb_text][\/et_pb_column][\/et_pb_row][et_pb_row _builder_version=\u00a0\u00bb4.27.4&Prime; _module_preset=\u00a0\u00bbdefault\u00a0\u00bb][et_pb_column _builder_version=\u00a0\u00bb4.27.4&Prime; _module_preset=\u00a0\u00bbdefault\u00a0\u00bb type=\u00a0\u00bb4_4&Prime;][et_pb_text _builder_version=\u00a0\u00bb4.27.4&Prime; _module_preset=\u00a0\u00bbdefault\u00a0\u00bb global_colors_info=\u00a0\u00bb{}\u00a0\u00bb]<\/p>\n<p class=\"translation-block\"><b>Ngagi<\/b><b> KABEREGA<\/b> holds a degree in accounting from the Institute of Science, Information and Technology in Kigali. He began his career as an auditor at Deloitte Rwanda. He then worked for I&amp;M Rwanda, first as an internal auditor, then as head of internal audit, and finally as Director of Risk. He joined AFRINEXT FINANCE in 2022. He also chaired the board of directors of Unguka Bank until 2024. He is regularly involved in the development of entrepreneurship as a coach and trainer at the Rwanda Finance Academy, an initiative of the Rwanda Bankers Association.<\/p>\n<p>[\/et_pb_text][\/et_pb_column][\/et_pb_row][et_pb_row _builder_version=\u00a0\u00bb4.27.4&Prime; _module_preset=\u00a0\u00bbdefault\u00a0\u00bb][et_pb_column _builder_version=\u00a0\u00bb4.27.4&Prime; _module_preset=\u00a0\u00bbdefault\u00a0\u00bb type=\u00a0\u00bb4_4&Prime;][et_pb_text _builder_version=\u00a0\u00bb4.27.4&Prime; _module_preset=\u00a0\u00bbdefault\u00a0\u00bb global_colors_info=\u00a0\u00bb{}\u00a0\u00bb]<\/p>\n<p class=\"translation-block\"><b>J\u00e9r\u00f4me LEFEVRE <\/b>began his career at Vinci's representative office in Washington before joining HSBC's leverage finance team in Paris as associate director. Between 2005 and 2007, he was an investment executive at Chequers Capital, an investment fund that invests in companies valued between \u20ac50 million and \u20ac500 million, before working for the family-owned Baelen-Gaillard group as director in charge of M&amp;A. J\u00e9r\u00f4me Lefevre has been a partner at Afrinext Finance since 2012.<\/p>\n<p>[\/et_pb_text][\/et_pb_column][\/et_pb_row][\/et_pb_section]<\/p>","protected":false},"excerpt":{"rendered":"<p>Les associ\u00e9sIssouf COULIBALY est Ing\u00e9nieur dipl\u00f4m\u00e9 de l\u2019INP-HB de Yamoussoukro et de l\u2019\u00c9cole de Management de Lyon (EM LYON), Issouf a d\u00e9but\u00e9 sa carri\u00e8re au sein du d\u00e9partement Leverage Buy-Out de BNP PARIBAS \u00e0 Paris. Souhaitant travailler sur le continent africain, il rejoint la Banque Africaine de D\u00e9veloppement en 2015, o\u00f9 il termine comme directeur [&hellip;]<\/p>","protected":false},"author":1,"featured_media":0,"parent":0,"menu_order":0,"comment_status":"closed","ping_status":"closed","template":"","meta":{"_et_pb_use_builder":"on","_et_pb_old_content":"<!-- wp:divi\/placeholder \/-->","_et_gb_content_width":"","footnotes":""},"class_list":["post-19","page","type-page","status-publish","hentry"],"_links":{"self":[{"href":"https:\/\/www.afrinextfinance.com\/en\/wp-json\/wp\/v2\/pages\/19","targetHints":{"allow":["GET"]}}],"collection":[{"href":"https:\/\/www.afrinextfinance.com\/en\/wp-json\/wp\/v2\/pages"}],"about":[{"href":"https:\/\/www.afrinextfinance.com\/en\/wp-json\/wp\/v2\/types\/page"}],"author":[{"embeddable":true,"href":"https:\/\/www.afrinextfinance.com\/en\/wp-json\/wp\/v2\/users\/1"}],"replies":[{"embeddable":true,"href":"https:\/\/www.afrinextfinance.com\/en\/wp-json\/wp\/v2\/comments?post=19"}],"version-history":[{"count":0,"href":"https:\/\/www.afrinextfinance.com\/en\/wp-json\/wp\/v2\/pages\/19\/revisions"}],"wp:attachment":[{"href":"https:\/\/www.afrinextfinance.com\/en\/wp-json\/wp\/v2\/media?parent=19"}],"curies":[{"name":"wp","href":"https:\/\/api.w.org\/{rel}","templated":true}]}}