{"id":23,"date":"2025-01-26T10:26:41","date_gmt":"2025-01-26T10:26:41","guid":{"rendered":"http:\/\/afrinextfinance.local\/?page_id=23"},"modified":"2025-01-28T10:50:16","modified_gmt":"2025-01-28T10:50:16","slug":"nos-zones-de-prospection","status":"publish","type":"page","link":"https:\/\/www.afrinextfinance.com\/en\/nos-zones-de-prospection\/","title":{"rendered":"Our prospection areas"},"content":{"rendered":"<p>[et_pb_section fb_built=\u00a0\u00bb1&Prime; _builder_version=\u00a0\u00bb4.27.4&Prime; _module_preset=\u00a0\u00bbdefault\u00a0\u00bb global_colors_info=\u00a0\u00bb{}\u00a0\u00bb][et_pb_row _builder_version=\u00a0\u00bb4.20.0&Prime; _module_preset=\u00a0\u00bbdefault\u00a0\u00bb locked=\u00a0\u00bboff\u00a0\u00bb global_colors_info=\u00a0\u00bb{}\u00a0\u00bb animation_style=\u00a0\u00bbflip\u00a0\u00bb][et_pb_column type=\u00a0\u00bb4_4&Prime; _builder_version=\u00a0\u00bb4.20.0&Prime; _module_preset=\u00a0\u00bbdefault\u00a0\u00bb global_colors_info=\u00a0\u00bb{}\u00a0\u00bb][et_pb_text _builder_version=\u00a0\u00bb4.27.4&Prime; _module_preset=\u00a0\u00bb14dd0054-4cbf-41e3-9252-d5354b741c67&Prime; text_text_color=\u00a0\u00bb#FFFFFF\u00a0\u00bb background_color=\u00a0\u00bb#0C71C3&Prime; text_orientation=\u00a0\u00bbcenter\u00a0\u00bb global_colors_info=\u00a0\u00bb{}\u00a0\u00bb]<\/p>\n<h2><span style=\"color: #ffffff;\">Our prospection areas<\/span><\/h2>\n<p>[\/et_pb_text][\/et_pb_column][\/et_pb_row][et_pb_row _builder_version=\u00a0\u00bb4.20.0&Prime; _module_preset=\u00a0\u00bbdefault\u00a0\u00bb locked=\u00a0\u00bboff\u00a0\u00bb global_colors_info=\u00a0\u00bb{}\u00a0\u00bb][et_pb_column type=\u00a0\u00bb4_4&Prime; _builder_version=\u00a0\u00bb4.20.0&Prime; _module_preset=\u00a0\u00bbdefault\u00a0\u00bb global_colors_info=\u00a0\u00bb{}\u00a0\u00bb][et_pb_blurb _builder_version=\u00a0\u00bb4.27.4&Prime; _module_preset=\u00a0\u00bbf891a3da-244a-4ebb-8b46-098e5cb4ed3b\u00a0\u00bb locked=\u00a0\u00bboff\u00a0\u00bb global_colors_info=\u00a0\u00bb{}\u00a0\u00bb]<\/p>\n<p class=\"translation-block\"><b>Our primary objective<\/b> is, as far as possible, to <b>'endogenise'<\/b> African growth and therefore, first and foremost, to ensure that the African business community benefits from the operations and investment opportunities we are working on.<\/p>\n<p>By extension, we are also actively involving the African diaspora in Europe in the issues and opportunities that exist in Africa. Given this more individual approach, the projects on which members of the diaspora are approached are due to the particular expertise that the member can offer.<\/p>\n<p class=\"translation-block\">When the necessary investments or partnerships finally involve a player from outside Africa, we immediately extend our field of investigation to all continents, with no particular preference for Europe. We are also present in the United States and Asia, where there is currently a strong desire to invest in Africa.<\/p>\n<p>[\/et_pb_blurb][\/et_pb_column][\/et_pb_row][\/et_pb_section]<\/p>","protected":false},"excerpt":{"rendered":"<p>Nos zone de prospectionNotre objectif premier est dans la mesure du possible\u00a0d\u2019\u00abendog\u00e9n\u00e9iser\u00bb la croissance africaine\u00a0et donc de faire en premier lieu b\u00e9n\u00e9ficier le monde des affaires africain des op\u00e9rations et opportunit\u00e9s d\u2019investissements sur lesquelles nous travaillons. Par extension, nous interpellons \u00e9galement de mani\u00e8re active la diaspora africaine situ\u00e9e en Europe sur les dossiers et opportunit\u00e9s [&hellip;]<\/p>","protected":false},"author":1,"featured_media":0,"parent":0,"menu_order":0,"comment_status":"closed","ping_status":"closed","template":"","meta":{"_et_pb_use_builder":"on","_et_pb_old_content":"<!-- wp:divi\/placeholder \/-->","_et_gb_content_width":"","footnotes":""},"class_list":["post-23","page","type-page","status-publish","hentry"],"_links":{"self":[{"href":"https:\/\/www.afrinextfinance.com\/en\/wp-json\/wp\/v2\/pages\/23","targetHints":{"allow":["GET"]}}],"collection":[{"href":"https:\/\/www.afrinextfinance.com\/en\/wp-json\/wp\/v2\/pages"}],"about":[{"href":"https:\/\/www.afrinextfinance.com\/en\/wp-json\/wp\/v2\/types\/page"}],"author":[{"embeddable":true,"href":"https:\/\/www.afrinextfinance.com\/en\/wp-json\/wp\/v2\/users\/1"}],"replies":[{"embeddable":true,"href":"https:\/\/www.afrinextfinance.com\/en\/wp-json\/wp\/v2\/comments?post=23"}],"version-history":[{"count":0,"href":"https:\/\/www.afrinextfinance.com\/en\/wp-json\/wp\/v2\/pages\/23\/revisions"}],"wp:attachment":[{"href":"https:\/\/www.afrinextfinance.com\/en\/wp-json\/wp\/v2\/media?parent=23"}],"curies":[{"name":"wp","href":"https:\/\/api.w.org\/{rel}","templated":true}]}}