{"id":25,"date":"2025-01-26T10:26:55","date_gmt":"2025-01-26T10:26:55","guid":{"rendered":"http:\/\/afrinextfinance.local\/?page_id=25"},"modified":"2025-01-28T10:42:13","modified_gmt":"2025-01-28T10:42:13","slug":"les-levees-de-fonds","status":"publish","type":"page","link":"https:\/\/www.afrinextfinance.com\/en\/les-levees-de-fonds\/","title":{"rendered":"Capital and debt raising"},"content":{"rendered":"<p>[et_pb_section fb_built=\u00a0\u00bb1&Prime; _builder_version=\u00a0\u00bb4.27.4&Prime; _module_preset=\u00a0\u00bbdefault\u00a0\u00bb global_colors_info=\u00a0\u00bb{}\u00a0\u00bb][et_pb_row _builder_version=\u00a0\u00bb4.20.0&Prime; _module_preset=\u00a0\u00bbdefault\u00a0\u00bb locked=\u00a0\u00bboff\u00a0\u00bb global_colors_info=\u00a0\u00bb{}\u00a0\u00bb animation_style=\u00a0\u00bbflip\u00a0\u00bb][et_pb_column type=\u00a0\u00bb4_4&Prime; _builder_version=\u00a0\u00bb4.20.0&Prime; _module_preset=\u00a0\u00bbdefault\u00a0\u00bb global_colors_info=\u00a0\u00bb{}\u00a0\u00bb][et_pb_text _builder_version=\u00a0\u00bb4.27.4&Prime; _module_preset=\u00a0\u00bb14dd0054-4cbf-41e3-9252-d5354b741c67&Prime; text_text_color=\u00a0\u00bb#FFFFFF\u00a0\u00bb background_color=\u00a0\u00bb#0C71C3&Prime; text_orientation=\u00a0\u00bbcenter\u00a0\u00bb global_colors_info=\u00a0\u00bb{}\u00a0\u00bb]<\/p>\n<h2><span style=\"color: #ffffff;\">Capital and debt raising<\/span><\/h2>\n<p>[\/et_pb_text][\/et_pb_column][\/et_pb_row][et_pb_row _builder_version=\u00a0\u00bb4.20.0&Prime; _module_preset=\u00a0\u00bbdefault\u00a0\u00bb locked=\u00a0\u00bboff\u00a0\u00bb global_colors_info=\u00a0\u00bb{}\u00a0\u00bb][et_pb_column type=\u00a0\u00bb4_4&Prime; _builder_version=\u00a0\u00bb4.20.0&Prime; _module_preset=\u00a0\u00bbdefault\u00a0\u00bb global_colors_info=\u00a0\u00bb{}\u00a0\u00bb][et_pb_blurb _builder_version=\u00a0\u00bb4.27.4&Prime; _module_preset=\u00a0\u00bbf891a3da-244a-4ebb-8b46-098e5cb4ed3b\u00a0\u00bb locked=\u00a0\u00bboff\u00a0\u00bb global_colors_info=\u00a0\u00bb{}\u00a0\u00bb]<\/p>\n<p class=\"translation-block\"><b>For companies as well as management and investment companies<\/b>, we offer our network of professional contacts and our privileged links with a number of investors and lenders ( banks, insurance and reinsurance companies, investment funds, family offices), to help finance medium and long-term business development.<\/p>\n<p class=\"translation-block\">In this context, we handle the entire service chain, starting with the definition of the fund-raising strategy (determination of the typical profile of the shareholders and\/or lenders sought), the actual prospecting, the negotiation of the company's value and the discussion of the shareholders' agreement.<\/p>\n<p class=\"translation-block\">When the client company is an African management and investment company, or one whose investments are targeted at Africa, we offer to act as intermediary for major institutional investors, particularly European sovereigns, as well as for a number of family offices, particularly Swiss and Scandinavian, which are showing considerable interest in investing on the continent.<\/p>\n<p>[\/et_pb_blurb][\/et_pb_column][\/et_pb_row][\/et_pb_section]<\/p>","protected":false},"excerpt":{"rendered":"<p>Les lev\u00e9es de fondsPour les entreprises mais \u00e9galement les soci\u00e9t\u00e9s de gestion et d\u2019investissement, nous proposons notre r\u00e9seau de relations professionnelles et nos liens privil\u00e9gi\u00e9s avec un certain nombre d\u2019investisseurs (dirigeants d\u2019entreprises, fonds d\u2019investissements, family-offices) et de pr\u00eateurs, pour permettre de financer des d\u00e9veloppements d\u2019entreprises sur moyen et long terme. Dans ce cadre,\u00a0nous assurons l\u2019ensemble [&hellip;]<\/p>","protected":false},"author":1,"featured_media":0,"parent":0,"menu_order":0,"comment_status":"closed","ping_status":"closed","template":"","meta":{"_et_pb_use_builder":"on","_et_pb_old_content":"<!-- wp:divi\/placeholder \/-->","_et_gb_content_width":"","footnotes":""},"class_list":["post-25","page","type-page","status-publish","hentry"],"_links":{"self":[{"href":"https:\/\/www.afrinextfinance.com\/en\/wp-json\/wp\/v2\/pages\/25","targetHints":{"allow":["GET"]}}],"collection":[{"href":"https:\/\/www.afrinextfinance.com\/en\/wp-json\/wp\/v2\/pages"}],"about":[{"href":"https:\/\/www.afrinextfinance.com\/en\/wp-json\/wp\/v2\/types\/page"}],"author":[{"embeddable":true,"href":"https:\/\/www.afrinextfinance.com\/en\/wp-json\/wp\/v2\/users\/1"}],"replies":[{"embeddable":true,"href":"https:\/\/www.afrinextfinance.com\/en\/wp-json\/wp\/v2\/comments?post=25"}],"version-history":[{"count":0,"href":"https:\/\/www.afrinextfinance.com\/en\/wp-json\/wp\/v2\/pages\/25\/revisions"}],"wp:attachment":[{"href":"https:\/\/www.afrinextfinance.com\/en\/wp-json\/wp\/v2\/media?parent=25"}],"curies":[{"name":"wp","href":"https:\/\/api.w.org\/{rel}","templated":true}]}}