{"id":27,"date":"2025-01-26T10:27:10","date_gmt":"2025-01-26T10:27:10","guid":{"rendered":"http:\/\/afrinextfinance.local\/?page_id=27"},"modified":"2025-01-28T10:42:33","modified_gmt":"2025-01-28T10:42:33","slug":"les-transactions","status":"publish","type":"page","link":"https:\/\/www.afrinextfinance.com\/en\/les-transactions\/","title":{"rendered":"Transactions"},"content":{"rendered":"<p>[et_pb_section fb_built=\u00a0\u00bb1&Prime; _builder_version=\u00a0\u00bb4.27.4&Prime; _module_preset=\u00a0\u00bbdefault\u00a0\u00bb global_colors_info=\u00a0\u00bb{}\u00a0\u00bb][et_pb_row _builder_version=\u00a0\u00bb4.20.0&Prime; _module_preset=\u00a0\u00bbdefault\u00a0\u00bb locked=\u00a0\u00bboff\u00a0\u00bb global_colors_info=\u00a0\u00bb{}\u00a0\u00bb animation_style=\u00a0\u00bbflip\u00a0\u00bb][et_pb_column type=\u00a0\u00bb4_4&Prime; _builder_version=\u00a0\u00bb4.20.0&Prime; _module_preset=\u00a0\u00bbdefault\u00a0\u00bb global_colors_info=\u00a0\u00bb{}\u00a0\u00bb][et_pb_text _builder_version=\u00a0\u00bb4.27.4&Prime; _module_preset=\u00a0\u00bb14dd0054-4cbf-41e3-9252-d5354b741c67&Prime; text_text_color=\u00a0\u00bb#FFFFFF\u00a0\u00bb background_color=\u00a0\u00bb#0C71C3&Prime; text_orientation=\u00a0\u00bbcenter\u00a0\u00bb global_colors_info=\u00a0\u00bb{}\u00a0\u00bb]<\/p>\n<h2><span style=\"color: #ffffff;\">Transactions<\/span><\/h2>\n<p>[\/et_pb_text][\/et_pb_column][\/et_pb_row][et_pb_row _builder_version=\u00a0\u00bb4.20.0&Prime; _module_preset=\u00a0\u00bbdefault\u00a0\u00bb locked=\u00a0\u00bboff\u00a0\u00bb global_colors_info=\u00a0\u00bb{}\u00a0\u00bb][et_pb_column type=\u00a0\u00bb4_4&Prime; _builder_version=\u00a0\u00bb4.20.0&Prime; _module_preset=\u00a0\u00bbdefault\u00a0\u00bb global_colors_info=\u00a0\u00bb{}\u00a0\u00bb][et_pb_blurb _builder_version=\u00a0\u00bb4.27.4&Prime; _module_preset=\u00a0\u00bbf891a3da-244a-4ebb-8b46-098e5cb4ed3b\u00a0\u00bb locked=\u00a0\u00bboff\u00a0\u00bb global_colors_info=\u00a0\u00bb{}\u00a0\u00bb]<\/p>\n<p class=\"translation-block\"><b>Afrinext<\/b><b> Finance\u00a0<\/b>is also regularly involved in business combinations.<\/p>\n<p class=\"translation-block\">When a client calls on Afrinext Finance <b>to sell its business or, on the contrary, to acquire a player in its sector<\/b>, we carry out preparatory analyses (market studies, due diligence of the target company for the buyer) and assist the client in defining the relationships after the merger (industrial partnership when the merger is a minority one, integration plan when the acquisition is a majority one).<\/p>\n<p>In the case of a capital increase for which Afrinext Finance is mandated, it is possible to combine both a fund-raising operation (see previous section) and an industrial partnership if the company director is in favour. We like this approach because it offers the financed company not only a capital injection but also synergies that can significantly boost the development of its business.<\/p>\n<p>[\/et_pb_blurb][\/et_pb_column][\/et_pb_row][\/et_pb_section]<\/p>","protected":false},"excerpt":{"rendered":"<p>Les transactionsAfrinext Finance\u00a0intervient \u00e9galement de mani\u00e8re courante dans le cadre des rapprochements d\u2019entreprises. Lorsqu\u2019un client sollicite l\u2019intervention d\u2019Afrinext Finance\u00a0pour vendre son entreprise\u00a0ou au contraire viser l\u2019acquisition d\u2019un acteur de son secteur, nous proc\u00e9dons aux\u00a0analyses\u00a0pr\u00e9paratoires (\u00e9tudes de march\u00e9s, \u00ab\u00a0due diligences\u00a0\u00bb de l\u2019entreprise cible pour l\u2019acheteur) et accompagnons notamment le client pour la d\u00e9finition des relations apr\u00e8s [&hellip;]<\/p>","protected":false},"author":1,"featured_media":0,"parent":0,"menu_order":0,"comment_status":"closed","ping_status":"closed","template":"","meta":{"_et_pb_use_builder":"on","_et_pb_old_content":"<!-- wp:divi\/placeholder \/-->","_et_gb_content_width":"","footnotes":""},"class_list":["post-27","page","type-page","status-publish","hentry"],"_links":{"self":[{"href":"https:\/\/www.afrinextfinance.com\/en\/wp-json\/wp\/v2\/pages\/27","targetHints":{"allow":["GET"]}}],"collection":[{"href":"https:\/\/www.afrinextfinance.com\/en\/wp-json\/wp\/v2\/pages"}],"about":[{"href":"https:\/\/www.afrinextfinance.com\/en\/wp-json\/wp\/v2\/types\/page"}],"author":[{"embeddable":true,"href":"https:\/\/www.afrinextfinance.com\/en\/wp-json\/wp\/v2\/users\/1"}],"replies":[{"embeddable":true,"href":"https:\/\/www.afrinextfinance.com\/en\/wp-json\/wp\/v2\/comments?post=27"}],"version-history":[{"count":0,"href":"https:\/\/www.afrinextfinance.com\/en\/wp-json\/wp\/v2\/pages\/27\/revisions"}],"wp:attachment":[{"href":"https:\/\/www.afrinextfinance.com\/en\/wp-json\/wp\/v2\/media?parent=27"}],"curies":[{"name":"wp","href":"https:\/\/api.w.org\/{rel}","templated":true}]}}