{"id":29,"date":"2025-01-26T10:27:29","date_gmt":"2025-01-26T10:27:29","guid":{"rendered":"http:\/\/afrinextfinance.local\/?page_id=29"},"modified":"2025-07-26T13:47:18","modified_gmt":"2025-07-26T13:47:18","slug":"le-consulting","status":"publish","type":"page","link":"https:\/\/www.afrinextfinance.com\/en\/le-consulting\/","title":{"rendered":"Consulting"},"content":{"rendered":"<p>[et_pb_section fb_built=\u00a0\u00bb1&Prime; _builder_version=\u00a0\u00bb4.27.4&Prime; _module_preset=\u00a0\u00bbdefault\u00a0\u00bb global_colors_info=\u00a0\u00bb{}\u00a0\u00bb][et_pb_row _builder_version=\u00a0\u00bb4.20.0&Prime; _module_preset=\u00a0\u00bbdefault\u00a0\u00bb animation_style=\u00a0\u00bbflip\u00a0\u00bb locked=\u00a0\u00bboff\u00a0\u00bb global_colors_info=\u00a0\u00bb{}\u00a0\u00bb][et_pb_column type=\u00a0\u00bb4_4&Prime; _builder_version=\u00a0\u00bb4.20.0&Prime; _module_preset=\u00a0\u00bbdefault\u00a0\u00bb global_colors_info=\u00a0\u00bb{}\u00a0\u00bb][et_pb_text _builder_version=\u00a0\u00bb4.27.4&Prime; _module_preset=\u00a0\u00bb14dd0054-4cbf-41e3-9252-d5354b741c67&Prime; text_text_color=\u00a0\u00bb#FFFFFF\u00a0\u00bb background_color=\u00a0\u00bb#0C71C3&Prime; text_orientation=\u00a0\u00bbcenter\u00a0\u00bb global_colors_info=\u00a0\u00bb{}\u00a0\u00bb]<\/p>\n<h2><span style=\"color: #ffffff;\">Consulting<\/span><\/h2>\n<p>[\/et_pb_text][\/et_pb_column][\/et_pb_row][et_pb_row _builder_version=\u00a0\u00bb4.20.0&Prime; _module_preset=\u00a0\u00bbdefault\u00a0\u00bb locked=\u00a0\u00bboff\u00a0\u00bb global_colors_info=\u00a0\u00bb{}\u00a0\u00bb][et_pb_column type=\u00a0\u00bb4_4&Prime; _builder_version=\u00a0\u00bb4.20.0&Prime; _module_preset=\u00a0\u00bbdefault\u00a0\u00bb global_colors_info=\u00a0\u00bb{}\u00a0\u00bb][et_pb_blurb _builder_version=\u00a0\u00bb4.27.4&Prime; _module_preset=\u00a0\u00bbf891a3da-244a-4ebb-8b46-098e5cb4ed3b\u00a0\u00bb locked=\u00a0\u00bboff\u00a0\u00bb global_colors_info=\u00a0\u00bb{}\u00a0\u00bb]<\/p>\n<p class=\"translation-block\">Independently of any financial transaction, <b>Afrinext Finance<\/b> offers consultancy services, particularly in the financial sectors (banking and insurance), where the company has proven expertise given the backgrounds of its partners. Afrinext Finance carries out strategic and financial reviews and provides its expertise to help companies in the financial sector move towards Basel II\/III and Solvency II.<\/p>\n<p>As part of the expansion of the African banking market, we also carry out studies to assess the diaspora in the client banks' countries of origin, and offer practical support to client banks in obtaining authorisation to set up in the European Union (particularly from France), according to the most appropriate formula (representative office - subsidiary focusing on corporate business or more widely authorised to offer its services to individuals).<\/p>\n<p>More generally, we offer market research services, with a very in-depth approach, particularly accompanied by a significant sampling procedure (interviewing a thousand targets) to enable companies to benefit from a statistically reliable tool to guide their activity or decide on investment plans.<\/p>\n<p>&nbsp;<\/p>\n<p>[\/et_pb_blurb][\/et_pb_column][\/et_pb_row][\/et_pb_section]<\/p>","protected":false},"excerpt":{"rendered":"<p>Le consultingInd\u00e9pendamment de toute op\u00e9ration financi\u00e8re,\u00a0Afrinext Finance propose ses services de conseil\u00a0notamment dans les secteurs financiers (banques et assurances), agroalimentaires et t\u00e9l\u00e9coms,\u00a0o\u00f9\u00a0la soci\u00e9t\u00e9\u00a0dispose d\u2019une certaine l\u00e9gitimit\u00e9 compte tenu du parcours de ses associ\u00e9s. Afrinext finance r\u00e9alise notamment dans ce cadre des revues strat\u00e9giques et financi\u00e8res et met \u00e0 disposition ses comp\u00e9tences pour permettre aux soci\u00e9t\u00e9s [&hellip;]<\/p>","protected":false},"author":1,"featured_media":0,"parent":0,"menu_order":0,"comment_status":"closed","ping_status":"closed","template":"","meta":{"_et_pb_use_builder":"on","_et_pb_old_content":"<!-- wp:divi\/placeholder \/-->","_et_gb_content_width":"","footnotes":""},"class_list":["post-29","page","type-page","status-publish","hentry"],"_links":{"self":[{"href":"https:\/\/www.afrinextfinance.com\/en\/wp-json\/wp\/v2\/pages\/29","targetHints":{"allow":["GET"]}}],"collection":[{"href":"https:\/\/www.afrinextfinance.com\/en\/wp-json\/wp\/v2\/pages"}],"about":[{"href":"https:\/\/www.afrinextfinance.com\/en\/wp-json\/wp\/v2\/types\/page"}],"author":[{"embeddable":true,"href":"https:\/\/www.afrinextfinance.com\/en\/wp-json\/wp\/v2\/users\/1"}],"replies":[{"embeddable":true,"href":"https:\/\/www.afrinextfinance.com\/en\/wp-json\/wp\/v2\/comments?post=29"}],"version-history":[{"count":0,"href":"https:\/\/www.afrinextfinance.com\/en\/wp-json\/wp\/v2\/pages\/29\/revisions"}],"wp:attachment":[{"href":"https:\/\/www.afrinextfinance.com\/en\/wp-json\/wp\/v2\/media?parent=29"}],"curies":[{"name":"wp","href":"https:\/\/api.w.org\/{rel}","templated":true}]}}