{"id":37,"date":"2025-01-26T10:30:48","date_gmt":"2025-01-26T10:30:48","guid":{"rendered":"http:\/\/afrinextfinance.local\/?page_id=37"},"modified":"2025-01-28T10:40:11","modified_gmt":"2025-01-28T10:40:11","slug":"strict-cost-spirit","status":"publish","type":"page","link":"https:\/\/www.afrinextfinance.com\/en\/strict-cost-spirit\/","title":{"rendered":"A strict cost spirit"},"content":{"rendered":"<p>[et_pb_section fb_built=\u00a0\u00bb1&Prime; _builder_version=\u00a0\u00bb4.27.4&Prime; _module_preset=\u00a0\u00bbdefault\u00a0\u00bb locked=\u00a0\u00bboff\u00a0\u00bb global_colors_info=\u00a0\u00bb{}\u00a0\u00bb][et_pb_row _builder_version=\u00a0\u00bb4.20.0&Prime; _module_preset=\u00a0\u00bbdefault\u00a0\u00bb locked=\u00a0\u00bboff\u00a0\u00bb global_colors_info=\u00a0\u00bb{}\u00a0\u00bb animation_style=\u00a0\u00bbflip\u00a0\u00bb][et_pb_column type=\u00a0\u00bb4_4&Prime; _builder_version=\u00a0\u00bb4.20.0&Prime; _module_preset=\u00a0\u00bbdefault\u00a0\u00bb global_colors_info=\u00a0\u00bb{}\u00a0\u00bb][et_pb_text _builder_version=\u00a0\u00bb4.27.4&Prime; _module_preset=\u00a0\u00bb14dd0054-4cbf-41e3-9252-d5354b741c67&Prime; text_text_color=\u00a0\u00bb#FFFFFF\u00a0\u00bb background_color=\u00a0\u00bb#0C71C3&Prime; text_orientation=\u00a0\u00bbcenter\u00a0\u00bb global_colors_info=\u00a0\u00bb{}\u00a0\u00bb]<\/p>\n<h2><span style=\"color: #ffffff;\">A <span>Strict cost spirit<\/span><\/span><\/h2>\n<p>[\/et_pb_text][\/et_pb_column][\/et_pb_row][et_pb_row _builder_version=\u00a0\u00bb4.20.0&Prime; _module_preset=\u00a0\u00bbdefault\u00a0\u00bb locked=\u00a0\u00bboff\u00a0\u00bb global_colors_info=\u00a0\u00bb{}\u00a0\u00bb][et_pb_column type=\u00a0\u00bb4_4&Prime; _builder_version=\u00a0\u00bb4.20.0&Prime; _module_preset=\u00a0\u00bbdefault\u00a0\u00bb global_colors_info=\u00a0\u00bb{}\u00a0\u00bb][et_pb_blurb _builder_version=\u00a0\u00bb4.27.4&Prime; _module_preset=\u00a0\u00bbf891a3da-244a-4ebb-8b46-098e5cb4ed3b\u00a0\u00bb locked=\u00a0\u00bboff\u00a0\u00bb global_colors_info=\u00a0\u00bb{}\u00a0\u00bb]<\/p>\n<p class=\"translation-block\"><b>With the constant aim of sharing the future of the client company, Afrinext Finance's associates apply the most frugal approach to travel expenses possible, despite their \"seniority\".<\/b><\/p>\n<p>In concrete terms:<\/p>\n<p>- All partners voluntarily travel economy class on international flights (except for night flights). This practice saves around 15% of the total cost of an assignment.<\/p>\n<p>- Accommodation costs are also strictly contained. The hotel standard required is limited to an international 3-star hotel.<\/p>\n<p>- Catering costs are limited to 25 euros per meal. Partners agree not to drink alcohol during assignments, and avoid spending money on business lunches when they are not specifically invited by the client to do so, particularly when accompanying an investor prospect.<\/p>\n<p>&nbsp;<\/p>\n<p>[\/et_pb_blurb][\/et_pb_column][\/et_pb_row][\/et_pb_section]<\/p>","protected":false},"excerpt":{"rendered":"<p>Un \u00ab Strict cost spirit \u00bbDans l\u2019objectif constant de partager le devenir de l\u2019entreprise cliente, les associ\u00e9s d\u2019Afrinext Finance s\u2019astreignent \u00e0 une logique de frais de d\u00e9placement la plus \u00e9conome possible en d\u00e9pit de leur \u00ab\u00a0s\u00e9niorit\u00e9\u00a0\u00bb. Tr\u00e8s concr\u00e8tement\u00a0: \u2013 L\u2019ensemble des associ\u00e9s voyage volontairement en classe \u00e9conomique sur les vols internationaux. Cette pratique permet d\u2019\u00e9conomiser [&hellip;]<\/p>","protected":false},"author":1,"featured_media":0,"parent":0,"menu_order":0,"comment_status":"closed","ping_status":"closed","template":"","meta":{"_et_pb_use_builder":"on","_et_pb_old_content":"<!-- wp:divi\/placeholder \/-->","_et_gb_content_width":"","footnotes":""},"class_list":["post-37","page","type-page","status-publish","hentry"],"_links":{"self":[{"href":"https:\/\/www.afrinextfinance.com\/en\/wp-json\/wp\/v2\/pages\/37","targetHints":{"allow":["GET"]}}],"collection":[{"href":"https:\/\/www.afrinextfinance.com\/en\/wp-json\/wp\/v2\/pages"}],"about":[{"href":"https:\/\/www.afrinextfinance.com\/en\/wp-json\/wp\/v2\/types\/page"}],"author":[{"embeddable":true,"href":"https:\/\/www.afrinextfinance.com\/en\/wp-json\/wp\/v2\/users\/1"}],"replies":[{"embeddable":true,"href":"https:\/\/www.afrinextfinance.com\/en\/wp-json\/wp\/v2\/comments?post=37"}],"version-history":[{"count":0,"href":"https:\/\/www.afrinextfinance.com\/en\/wp-json\/wp\/v2\/pages\/37\/revisions"}],"wp:attachment":[{"href":"https:\/\/www.afrinextfinance.com\/en\/wp-json\/wp\/v2\/media?parent=37"}],"curies":[{"name":"wp","href":"https:\/\/api.w.org\/{rel}","templated":true}]}}