{"id":39,"date":"2025-01-26T10:31:11","date_gmt":"2025-01-26T10:31:11","guid":{"rendered":"http:\/\/afrinextfinance.local\/?page_id=39"},"modified":"2025-01-28T10:40:38","modified_gmt":"2025-01-28T10:40:38","slug":"un-secret-pour-le-client","status":"publish","type":"page","link":"https:\/\/www.afrinextfinance.com\/en\/un-secret-pour-le-client\/","title":{"rendered":"Secrecy"},"content":{"rendered":"<p>[et_pb_section fb_built=\u00a0\u00bb1&Prime; _builder_version=\u00a0\u00bb4.27.4&Prime; _module_preset=\u00a0\u00bbdefault\u00a0\u00bb locked=\u00a0\u00bboff\u00a0\u00bb global_colors_info=\u00a0\u00bb{}\u00a0\u00bb][et_pb_row _builder_version=\u00a0\u00bb4.20.0&Prime; _module_preset=\u00a0\u00bbdefault\u00a0\u00bb locked=\u00a0\u00bboff\u00a0\u00bb global_colors_info=\u00a0\u00bb{}\u00a0\u00bb animation_style=\u00a0\u00bbflip\u00a0\u00bb][et_pb_column type=\u00a0\u00bb4_4&Prime; _builder_version=\u00a0\u00bb4.20.0&Prime; _module_preset=\u00a0\u00bbdefault\u00a0\u00bb global_colors_info=\u00a0\u00bb{}\u00a0\u00bb][et_pb_text _builder_version=\u00a0\u00bb4.27.4&Prime; _module_preset=\u00a0\u00bb14dd0054-4cbf-41e3-9252-d5354b741c67&Prime; text_text_color=\u00a0\u00bb#FFFFFF\u00a0\u00bb background_color=\u00a0\u00bb#0C71C3&Prime; text_orientation=\u00a0\u00bbcenter\u00a0\u00bb global_colors_info=\u00a0\u00bb{}\u00a0\u00bb]<\/p>\n<h2><span style=\"color: #ffffff;\">Secrecy<\/span><\/h2>\n<p>[\/et_pb_text][\/et_pb_column][\/et_pb_row][et_pb_row _builder_version=\u00a0\u00bb4.20.0&Prime; _module_preset=\u00a0\u00bbdefault\u00a0\u00bb locked=\u00a0\u00bboff\u00a0\u00bb global_colors_info=\u00a0\u00bb{}\u00a0\u00bb][et_pb_column type=\u00a0\u00bb4_4&Prime; _builder_version=\u00a0\u00bb4.20.0&Prime; _module_preset=\u00a0\u00bbdefault\u00a0\u00bb global_colors_info=\u00a0\u00bb{}\u00a0\u00bb][et_pb_blurb _builder_version=\u00a0\u00bb4.27.4&Prime; _module_preset=\u00a0\u00bbf891a3da-244a-4ebb-8b46-098e5cb4ed3b\u00a0\u00bb locked=\u00a0\u00bboff\u00a0\u00bb global_colors_info=\u00a0\u00bb{}\u00a0\u00bb]<\/p>\n<p class=\"translation-block\">We do not share the practice of a certain number of service providers of making their references public on their website or more generally in order to attract new clients. For <b>Afrinext Finance, business secrecy is a cardinal value<\/b>, and our clients can rest assured that no third party will have any knowledge of the assignments entrusted to us.<\/p>\n<p>We believe this is essential to protect the interests of our clients. Any revelation, even the mere mention of a company's name, is a possible indication to competitors, customers or suppliers of projects or a current financial situation, and can therefore be detrimental to the company that has called on our services.<\/p>\n<p>Last but not least, this discipline facilitates a more in-depth relationship with the client, who will be able to pass on confidential information without fear, which can sometimes be the key to the success of the consultancy assignment.<\/p>\n<p>[\/et_pb_blurb][\/et_pb_column][\/et_pb_row][\/et_pb_section]<\/p>","protected":false},"excerpt":{"rendered":"<p>Le secretNous ne partageons pas la pratique d\u2019un certain nombre de prestataires qui consiste \u00e0 rendre publiques sur leur site web ou\u00a0plus g\u00e9n\u00e9ralement \u00e0 communiquer\u00a0leurs r\u00e9f\u00e9rences dans l\u2019objectif d\u2019attirer de nouveaux clients.\u00a0Le secret des affaires pour Afrinext Finance est\u00a0une valeur cardinale\u00a0et nos clients ont l\u2019engagement qu\u2019aucune personne tierce n\u2019aura connaissance des missions qui nous ont [&hellip;]<\/p>","protected":false},"author":1,"featured_media":0,"parent":0,"menu_order":0,"comment_status":"closed","ping_status":"closed","template":"","meta":{"_et_pb_use_builder":"on","_et_pb_old_content":"<!-- wp:divi\/placeholder \/-->","_et_gb_content_width":"","footnotes":""},"class_list":["post-39","page","type-page","status-publish","hentry"],"_links":{"self":[{"href":"https:\/\/www.afrinextfinance.com\/en\/wp-json\/wp\/v2\/pages\/39","targetHints":{"allow":["GET"]}}],"collection":[{"href":"https:\/\/www.afrinextfinance.com\/en\/wp-json\/wp\/v2\/pages"}],"about":[{"href":"https:\/\/www.afrinextfinance.com\/en\/wp-json\/wp\/v2\/types\/page"}],"author":[{"embeddable":true,"href":"https:\/\/www.afrinextfinance.com\/en\/wp-json\/wp\/v2\/users\/1"}],"replies":[{"embeddable":true,"href":"https:\/\/www.afrinextfinance.com\/en\/wp-json\/wp\/v2\/comments?post=39"}],"version-history":[{"count":0,"href":"https:\/\/www.afrinextfinance.com\/en\/wp-json\/wp\/v2\/pages\/39\/revisions"}],"wp:attachment":[{"href":"https:\/\/www.afrinextfinance.com\/en\/wp-json\/wp\/v2\/media?parent=39"}],"curies":[{"name":"wp","href":"https:\/\/api.w.org\/{rel}","templated":true}]}}