{"id":43,"date":"2025-01-26T10:31:56","date_gmt":"2025-01-26T10:31:56","guid":{"rendered":"http:\/\/afrinextfinance.local\/?page_id=43"},"modified":"2025-01-28T10:41:44","modified_gmt":"2025-01-28T10:41:44","slug":"le-transfert-de-technologies","status":"publish","type":"page","link":"https:\/\/www.afrinextfinance.com\/en\/le-transfert-de-technologies\/","title":{"rendered":"Technology and know-how transfer"},"content":{"rendered":"<p>[et_pb_section fb_built=\u00a0\u00bb1&Prime; _builder_version=\u00a0\u00bb4.27.4&Prime; _module_preset=\u00a0\u00bbdefault\u00a0\u00bb locked=\u00a0\u00bboff\u00a0\u00bb global_colors_info=\u00a0\u00bb{}\u00a0\u00bb][et_pb_row _builder_version=\u00a0\u00bb4.20.0&Prime; _module_preset=\u00a0\u00bbdefault\u00a0\u00bb locked=\u00a0\u00bboff\u00a0\u00bb global_colors_info=\u00a0\u00bb{}\u00a0\u00bb animation_style=\u00a0\u00bbflip\u00a0\u00bb][et_pb_column type=\u00a0\u00bb4_4&Prime; _builder_version=\u00a0\u00bb4.20.0&Prime; _module_preset=\u00a0\u00bbdefault\u00a0\u00bb global_colors_info=\u00a0\u00bb{}\u00a0\u00bb][et_pb_text _builder_version=\u00a0\u00bb4.27.4&Prime; _module_preset=\u00a0\u00bb14dd0054-4cbf-41e3-9252-d5354b741c67&Prime; text_text_color=\u00a0\u00bb#FFFFFF\u00a0\u00bb background_color=\u00a0\u00bb#0C71C3&Prime; text_orientation=\u00a0\u00bbcenter\u00a0\u00bb global_colors_info=\u00a0\u00bb{}\u00a0\u00bb]<\/p>\n<h2><span style=\"color: #ffffff;\">Technology and know-how transfer<\/span><\/h2>\n<p>[\/et_pb_text][\/et_pb_column][\/et_pb_row][et_pb_row _builder_version=\u00a0\u00bb4.20.0&Prime; _module_preset=\u00a0\u00bbdefault\u00a0\u00bb locked=\u00a0\u00bboff\u00a0\u00bb global_colors_info=\u00a0\u00bb{}\u00a0\u00bb][et_pb_column type=\u00a0\u00bb4_4&Prime; _builder_version=\u00a0\u00bb4.20.0&Prime; _module_preset=\u00a0\u00bbdefault\u00a0\u00bb global_colors_info=\u00a0\u00bb{}\u00a0\u00bb][et_pb_blurb _builder_version=\u00a0\u00bb4.27.4&Prime; _module_preset=\u00a0\u00bbf891a3da-244a-4ebb-8b46-098e5cb4ed3b\u00a0\u00bb locked=\u00a0\u00bboff\u00a0\u00bb global_colors_info=\u00a0\u00bb{}\u00a0\u00bb]<\/p>\n<p>We are particularly keen to help our corporate clients benefit from technology transfers whenever possible, as part of a more general negotiation of a capital investment or business combination. We believe this activity is essential to the rapid development of companies on the African continent.<\/p>\n<p>To this end, we choose to approach Western companies, with whom we negotiate a technology transfer, independently of the capital operation if the company is not involved in the transaction, in order to share their skills.<\/p>\n<p>These Western companies may have an interest in this, particularly when they are not themselves invested in Africa, and because this transfer is obviously carried out in return for financial remuneration.<\/p>\n<p>[\/et_pb_blurb][\/et_pb_column][\/et_pb_row][\/et_pb_section]<\/p>","protected":false},"excerpt":{"rendered":"<p>Le transfert de technologiesNous appr\u00e9cions particuli\u00e8rement faire b\u00e9n\u00e9ficier nos entreprises clientes de transferts de technologies lorsque cela s\u2019av\u00e8re possible, dans le cadre plus g\u00e9n\u00e9ral de la n\u00e9gociation d\u2019un investissement en capital ou d\u2019un rapprochement d\u2019entreprise. Cette activit\u00e9 nous para\u00eet essentielle au d\u00e9veloppement rapide des entreprises du continent africain. Pour ce faire, nous nous rapprochons donc [&hellip;]<\/p>","protected":false},"author":1,"featured_media":0,"parent":0,"menu_order":0,"comment_status":"closed","ping_status":"closed","template":"","meta":{"_et_pb_use_builder":"on","_et_pb_old_content":"<!-- wp:divi\/placeholder \/-->","_et_gb_content_width":"","footnotes":""},"class_list":["post-43","page","type-page","status-publish","hentry"],"_links":{"self":[{"href":"https:\/\/www.afrinextfinance.com\/en\/wp-json\/wp\/v2\/pages\/43","targetHints":{"allow":["GET"]}}],"collection":[{"href":"https:\/\/www.afrinextfinance.com\/en\/wp-json\/wp\/v2\/pages"}],"about":[{"href":"https:\/\/www.afrinextfinance.com\/en\/wp-json\/wp\/v2\/types\/page"}],"author":[{"embeddable":true,"href":"https:\/\/www.afrinextfinance.com\/en\/wp-json\/wp\/v2\/users\/1"}],"replies":[{"embeddable":true,"href":"https:\/\/www.afrinextfinance.com\/en\/wp-json\/wp\/v2\/comments?post=43"}],"version-history":[{"count":0,"href":"https:\/\/www.afrinextfinance.com\/en\/wp-json\/wp\/v2\/pages\/43\/revisions"}],"wp:attachment":[{"href":"https:\/\/www.afrinextfinance.com\/en\/wp-json\/wp\/v2\/media?parent=43"}],"curies":[{"name":"wp","href":"https:\/\/api.w.org\/{rel}","templated":true}]}}